{"id":782,"date":"2024-05-05T18:52:43","date_gmt":"2024-05-05T16:52:43","guid":{"rendered":"https:\/\/www.lepatio-ax.fr\/?page_id=782"},"modified":"2024-12-23T08:00:08","modified_gmt":"2024-12-23T07:00:08","slug":"notre-carte-2","status":"publish","type":"page","link":"https:\/\/www.lepatio-ax.fr\/index.php\/notre-carte-2\/","title":{"rendered":"Notre carte"},"content":{"rendered":"\t\t<div data-elementor-type=\"wp-page\" data-elementor-id=\"782\" class=\"elementor elementor-782\">\n\t\t\t\t<div class=\"elementor-element elementor-element-4b9fde8 e-flex e-con-boxed e-con e-parent\" data-id=\"4b9fde8\" data-element_type=\"container\" data-e-type=\"container\">\n\t\t\t\t\t<div class=\"e-con-inner\">\n\t\t\t\t<div class=\"elementor-element elementor-element-fb3e96b elementor-widget elementor-widget-text-editor\" data-id=\"fb3e96b\" data-element_type=\"widget\" data-e-type=\"widget\" data-widget_type=\"text-editor.default\">\n\t\t\t\t<div class=\"elementor-widget-container\">\n\t\t\t\t\t\t\t\t\t<h1 style=\"text-align: center;\">Notre carte \u00e9volue en fonction des produits locaux et de saison.<\/h1><h1 style=\"text-align: center;\">Nous cuisinons uniquement des produits frais.<\/h1><h1 style=\"text-align: center;\">Retrouvez nos ardoises du moment sur Facebook et Instagram.<\/h1>\t\t\t\t\t\t\t\t<\/div>\n\t\t\t\t<\/div>\n\t\t\t\t\t<\/div>\n\t\t\t\t<\/div>\n\t\t\t\t<\/div>\n\t\t","protected":false},"excerpt":{"rendered":"<p>Notre carte \u00e9volue en fonction des produits locaux et de saison. Nous cuisinons uniquement des produits frais. Retrouvez nos ardoises du moment sur Facebook et Instagram.<\/p>\n","protected":false},"author":1,"featured_media":0,"parent":0,"menu_order":0,"comment_status":"closed","ping_status":"closed","template":"","meta":{"_monsterinsights_skip_tracking":false,"_monsterinsights_sitenote_active":false,"_monsterinsights_sitenote_note":"","_monsterinsights_sitenote_category":0,"footnotes":""},"class_list":["post-782","page","type-page","status-publish","hentry","entry"],"yoast_head":"<!-- This site is optimized with the Yoast SEO plugin v27.3 - https:\/\/yoast.com\/product\/yoast-seo-wordpress\/ -->\n<title>Notre carte - Restaurant Le Patio<\/title>\n<meta name=\"description\" content=\"La carte du restaurant Le Patio \u00e0 Ax-les-Thermes vous propose des des tapas et des plats confectionn\u00e9s maison \u00e0 base de produits pyr\u00e9n\u00e9ens.\" \/>\n<meta name=\"robots\" content=\"index, follow, max-snippet:-1, max-image-preview:large, max-video-preview:-1\" \/>\n<link rel=\"canonical\" href=\"https:\/\/www.lepatio-ax.fr\/index.php\/notre-carte-2\/\" \/>\n<meta property=\"og:locale\" content=\"fr_FR\" \/>\n<meta property=\"og:type\" content=\"article\" \/>\n<meta property=\"og:title\" content=\"Notre carte - Restaurant Le Patio\" \/>\n<meta property=\"og:description\" content=\"La carte du restaurant Le Patio \u00e0 Ax-les-Thermes vous propose des des tapas et des plats confectionn\u00e9s maison \u00e0 base de produits pyr\u00e9n\u00e9ens.\" \/>\n<meta property=\"og:url\" content=\"https:\/\/www.lepatio-ax.fr\/index.php\/notre-carte-2\/\" \/>\n<meta property=\"og:site_name\" content=\"Restaurant Le Patio\" \/>\n<meta property=\"article:modified_time\" content=\"2024-12-23T07:00:08+00:00\" \/>\n<meta name=\"twitter:card\" content=\"summary_large_image\" \/>\n<meta name=\"twitter:label1\" content=\"Dur\u00e9e de lecture estim\u00e9e\" \/>\n\t<meta name=\"twitter:data1\" content=\"1 minute\" \/>\n<script type=\"application\/ld+json\" class=\"yoast-schema-graph\">{\"@context\":\"https:\\\/\\\/schema.org\",\"@graph\":[{\"@type\":\"WebPage\",\"@id\":\"https:\\\/\\\/www.lepatio-ax.fr\\\/index.php\\\/notre-carte-2\\\/\",\"url\":\"https:\\\/\\\/www.lepatio-ax.fr\\\/index.php\\\/notre-carte-2\\\/\",\"name\":\"Notre carte - Restaurant Le Patio\",\"isPartOf\":{\"@id\":\"https:\\\/\\\/www.lepatio-ax.fr\\\/#website\"},\"datePublished\":\"2024-05-05T16:52:43+00:00\",\"dateModified\":\"2024-12-23T07:00:08+00:00\",\"description\":\"La carte du restaurant Le Patio \u00e0 Ax-les-Thermes vous propose des des tapas et des plats confectionn\u00e9s maison \u00e0 base de produits pyr\u00e9n\u00e9ens.\",\"breadcrumb\":{\"@id\":\"https:\\\/\\\/www.lepatio-ax.fr\\\/index.php\\\/notre-carte-2\\\/#breadcrumb\"},\"inLanguage\":\"fr-FR\",\"potentialAction\":[{\"@type\":\"ReadAction\",\"target\":[\"https:\\\/\\\/www.lepatio-ax.fr\\\/index.php\\\/notre-carte-2\\\/\"]}]},{\"@type\":\"BreadcrumbList\",\"@id\":\"https:\\\/\\\/www.lepatio-ax.fr\\\/index.php\\\/notre-carte-2\\\/#breadcrumb\",\"itemListElement\":[{\"@type\":\"ListItem\",\"position\":1,\"name\":\"Accueil\",\"item\":\"https:\\\/\\\/www.lepatio-ax.fr\\\/\"},{\"@type\":\"ListItem\",\"position\":2,\"name\":\"Notre carte\"}]},{\"@type\":\"WebSite\",\"@id\":\"https:\\\/\\\/www.lepatio-ax.fr\\\/#website\",\"url\":\"https:\\\/\\\/www.lepatio-ax.fr\\\/\",\"name\":\"Restaurant Le Patio\",\"description\":\"Table Pyr\u00e9n\u00e9enne\",\"publisher\":{\"@id\":\"https:\\\/\\\/www.lepatio-ax.fr\\\/#organization\"},\"potentialAction\":[{\"@type\":\"SearchAction\",\"target\":{\"@type\":\"EntryPoint\",\"urlTemplate\":\"https:\\\/\\\/www.lepatio-ax.fr\\\/?s={search_term_string}\"},\"query-input\":{\"@type\":\"PropertyValueSpecification\",\"valueRequired\":true,\"valueName\":\"search_term_string\"}}],\"inLanguage\":\"fr-FR\"},{\"@type\":\"Organization\",\"@id\":\"https:\\\/\\\/www.lepatio-ax.fr\\\/#organization\",\"name\":\"Restaurant Le Patio\",\"url\":\"https:\\\/\\\/www.lepatio-ax.fr\\\/\",\"logo\":{\"@type\":\"ImageObject\",\"inLanguage\":\"fr-FR\",\"@id\":\"https:\\\/\\\/www.lepatio-ax.fr\\\/#\\\/schema\\\/logo\\\/image\\\/\",\"url\":\"https:\\\/\\\/www.lepatio-ax.fr\\\/wp-content\\\/uploads\\\/2024\\\/01\\\/Le-Patio-logo-en-300.jpg\",\"contentUrl\":\"https:\\\/\\\/www.lepatio-ax.fr\\\/wp-content\\\/uploads\\\/2024\\\/01\\\/Le-Patio-logo-en-300.jpg\",\"width\":300,\"height\":300,\"caption\":\"Restaurant Le Patio\"},\"image\":{\"@id\":\"https:\\\/\\\/www.lepatio-ax.fr\\\/#\\\/schema\\\/logo\\\/image\\\/\"}}]}<\/script>\n<!-- \/ Yoast SEO plugin. -->","yoast_head_json":{"title":"Notre carte - Restaurant Le Patio","description":"La carte du restaurant Le Patio \u00e0 Ax-les-Thermes vous propose des des tapas et des plats confectionn\u00e9s maison \u00e0 base de produits pyr\u00e9n\u00e9ens.","robots":{"index":"index","follow":"follow","max-snippet":"max-snippet:-1","max-image-preview":"max-image-preview:large","max-video-preview":"max-video-preview:-1"},"canonical":"https:\/\/www.lepatio-ax.fr\/index.php\/notre-carte-2\/","og_locale":"fr_FR","og_type":"article","og_title":"Notre carte - Restaurant Le Patio","og_description":"La carte du restaurant Le Patio \u00e0 Ax-les-Thermes vous propose des des tapas et des plats confectionn\u00e9s maison \u00e0 base de produits pyr\u00e9n\u00e9ens.","og_url":"https:\/\/www.lepatio-ax.fr\/index.php\/notre-carte-2\/","og_site_name":"Restaurant Le Patio","article_modified_time":"2024-12-23T07:00:08+00:00","twitter_card":"summary_large_image","twitter_misc":{"Dur\u00e9e de lecture estim\u00e9e":"1 minute"},"schema":{"@context":"https:\/\/schema.org","@graph":[{"@type":"WebPage","@id":"https:\/\/www.lepatio-ax.fr\/index.php\/notre-carte-2\/","url":"https:\/\/www.lepatio-ax.fr\/index.php\/notre-carte-2\/","name":"Notre carte - Restaurant Le Patio","isPartOf":{"@id":"https:\/\/www.lepatio-ax.fr\/#website"},"datePublished":"2024-05-05T16:52:43+00:00","dateModified":"2024-12-23T07:00:08+00:00","description":"La carte du restaurant Le Patio \u00e0 Ax-les-Thermes vous propose des des tapas et des plats confectionn\u00e9s maison \u00e0 base de produits pyr\u00e9n\u00e9ens.","breadcrumb":{"@id":"https:\/\/www.lepatio-ax.fr\/index.php\/notre-carte-2\/#breadcrumb"},"inLanguage":"fr-FR","potentialAction":[{"@type":"ReadAction","target":["https:\/\/www.lepatio-ax.fr\/index.php\/notre-carte-2\/"]}]},{"@type":"BreadcrumbList","@id":"https:\/\/www.lepatio-ax.fr\/index.php\/notre-carte-2\/#breadcrumb","itemListElement":[{"@type":"ListItem","position":1,"name":"Accueil","item":"https:\/\/www.lepatio-ax.fr\/"},{"@type":"ListItem","position":2,"name":"Notre carte"}]},{"@type":"WebSite","@id":"https:\/\/www.lepatio-ax.fr\/#website","url":"https:\/\/www.lepatio-ax.fr\/","name":"Restaurant Le Patio","description":"Table Pyr\u00e9n\u00e9enne","publisher":{"@id":"https:\/\/www.lepatio-ax.fr\/#organization"},"potentialAction":[{"@type":"SearchAction","target":{"@type":"EntryPoint","urlTemplate":"https:\/\/www.lepatio-ax.fr\/?s={search_term_string}"},"query-input":{"@type":"PropertyValueSpecification","valueRequired":true,"valueName":"search_term_string"}}],"inLanguage":"fr-FR"},{"@type":"Organization","@id":"https:\/\/www.lepatio-ax.fr\/#organization","name":"Restaurant Le Patio","url":"https:\/\/www.lepatio-ax.fr\/","logo":{"@type":"ImageObject","inLanguage":"fr-FR","@id":"https:\/\/www.lepatio-ax.fr\/#\/schema\/logo\/image\/","url":"https:\/\/www.lepatio-ax.fr\/wp-content\/uploads\/2024\/01\/Le-Patio-logo-en-300.jpg","contentUrl":"https:\/\/www.lepatio-ax.fr\/wp-content\/uploads\/2024\/01\/Le-Patio-logo-en-300.jpg","width":300,"height":300,"caption":"Restaurant Le Patio"},"image":{"@id":"https:\/\/www.lepatio-ax.fr\/#\/schema\/logo\/image\/"}}]}},"_links":{"self":[{"href":"https:\/\/www.lepatio-ax.fr\/index.php\/wp-json\/wp\/v2\/pages\/782","targetHints":{"allow":["GET"]}}],"collection":[{"href":"https:\/\/www.lepatio-ax.fr\/index.php\/wp-json\/wp\/v2\/pages"}],"about":[{"href":"https:\/\/www.lepatio-ax.fr\/index.php\/wp-json\/wp\/v2\/types\/page"}],"author":[{"embeddable":true,"href":"https:\/\/www.lepatio-ax.fr\/index.php\/wp-json\/wp\/v2\/users\/1"}],"replies":[{"embeddable":true,"href":"https:\/\/www.lepatio-ax.fr\/index.php\/wp-json\/wp\/v2\/comments?post=782"}],"version-history":[{"count":10,"href":"https:\/\/www.lepatio-ax.fr\/index.php\/wp-json\/wp\/v2\/pages\/782\/revisions"}],"predecessor-version":[{"id":841,"href":"https:\/\/www.lepatio-ax.fr\/index.php\/wp-json\/wp\/v2\/pages\/782\/revisions\/841"}],"wp:attachment":[{"href":"https:\/\/www.lepatio-ax.fr\/index.php\/wp-json\/wp\/v2\/media?parent=782"}],"curies":[{"name":"wp","href":"https:\/\/api.w.org\/{rel}","templated":true}]}}